{"id":787,"date":"2021-09-29T14:13:31","date_gmt":"2021-09-29T12:13:31","guid":{"rendered":"https:\/\/yourlifematters.de\/?page_id=787"},"modified":"2025-03-05T13:22:14","modified_gmt":"2025-03-05T12:22:14","slug":"verbuendete","status":"publish","type":"page","link":"https:\/\/yourlifematters.de\/en\/verbuendete\/","title":{"rendered":"Verb\u00fcndete"},"content":{"rendered":"<p>[vc_row full_width=&#8221;stretch_row&#8221; content_placement=&#8221;middle&#8221; css=&#8221;.vc_custom_1741171101432{padding-top: 50px !important;padding-bottom: 50px !important;background-color: #fadf98 !important;}&#8221;][vc_column width=&#8221;1\/2&#8243;][vc_single_image image=&#8221;690&#8243; img_size=&#8221;full&#8221; alignment=&#8221;center&#8221;][\/vc_column][vc_column width=&#8221;1\/2&#8243;][vc_column_text]<\/p>\n<h1>My partners<\/h1>\n<p data-start=\"0\" data-end=\"183\">I love bringing forces together and working with other smart minds. Whenever the task and\/or group size requires it, I combine complementary strengths to achieve a better work result.<\/p>\n<p data-start=\"185\" data-end=\"290\" data-is-last-node=\"\" data-is-only-node=\"\">If I feel that I&#8217;m not the right fit for a particular issue, I&#8217;m happy to refer to someone in my network.<\/p>\n<p>[\/vc_column_text][\/vc_column][\/vc_row][vc_row css=&#8221;.vc_custom_1632934175539{padding-top: 30px !important;padding-bottom: 30px !important;}&#8221;][vc_column][vc_row_inner content_placement=&#8221;middle&#8221;][vc_column_inner width=&#8221;1\/3&#8243;][vc_single_image image=&#8221;315&#8243; img_size=&#8221;350&#215;350&#8243; onclick=&#8221;custom_link&#8221; link=&#8221;https:\/\/www.likeazebra.de\/&#8221;][\/vc_column_inner][vc_column_inner width=&#8221;1\/3&#8243;][vc_single_image image=&#8221;336&#8243; img_size=&#8221;350&#215;350&#8243; onclick=&#8221;custom_link&#8221; img_link_target=&#8221;_blank&#8221; link=&#8221;https:\/\/www.thedive.com\/de&#8221;][\/vc_column_inner][vc_column_inner width=&#8221;1\/3&#8243;][vc_single_image image=&#8221;485&#8243; img_size=&#8221;500&#215;200&#8243; alignment=&#8221;center&#8221; onclick=&#8221;custom_link&#8221; img_link_target=&#8221;_blank&#8221; link=&#8221;https:\/\/www.empathiewerkstatt.de\/&#8221;][\/vc_column_inner][\/vc_row_inner][vc_row_inner][vc_column_inner][\/vc_column_inner][\/vc_row_inner][\/vc_column][\/vc_row][vc_row full_width=&#8221;stretch_row&#8221; disable_element=&#8221;yes&#8221; css=&#8221;.vc_custom_1632930383503{padding-top: 20px !important;padding-bottom: 20px !important;background-color: #fadf98 !important;}&#8221;][vc_column width=&#8221;1\/2&#8243;][vc_column_text]<\/p>\n<h2>Verb\u00fcndete gesucht?<\/h2>\n<p>[\/vc_column_text][\/vc_column][vc_column width=&#8221;1\/2&#8243;][vc_column_text]Suchst du eine Verb\u00fcndete f\u00fcr einen Auftrag? Melde dich gern bei mir unter <a href=\"heike@yourlifematters.de\"><span style=\"color: #27335a;\">heike@yourlifematters.de<\/span><\/a> \u2013 Ich freue mich auf deine Anfrage![\/vc_column_text][\/vc_column][\/vc_row][vc_row][vc_column][\/vc_column][\/vc_row]<\/p>\n","protected":false},"excerpt":{"rendered":"<p>[vc_row full_width=&#8221;stretch_row&#8221; content_placement=&#8221;middle&#8221; css=&#8221;.vc_custom_1741171101432{padding-top: 50px !important;padding-bottom: 50px !important;background-color: #fadf98 !important;}&#8221;][vc_column width=&#8221;1\/2&#8243;][vc_single_image image=&#8221;690&#8243; img_size=&#8221;full&#8221; alignment=&#8221;center&#8221;][\/vc_column][vc_column width=&#8221;1\/2&#8243;][vc_column_text] My partners I love bringing<span class=\"excerpt-hellip\"> [\u2026]<\/span><\/p>\n","protected":false},"author":2,"featured_media":728,"parent":0,"menu_order":0,"comment_status":"closed","ping_status":"closed","template":"","meta":{"footnotes":""},"class_list":["post-787","page","type-page","status-publish","has-post-thumbnail","hentry"],"yoast_head":"<!-- This site is optimized with the Yoast SEO plugin v19.9 - https:\/\/yoast.com\/wordpress\/plugins\/seo\/ -->\n<title>Verb\u00fcndete | yourlifematters<\/title>\n<meta name=\"robots\" content=\"index, follow, max-snippet:-1, max-image-preview:large, max-video-preview:-1\" \/>\n<link rel=\"canonical\" href=\"https:\/\/yourlifematters.de\/en\/verbuendete\/\" \/>\n<meta property=\"og:locale\" content=\"en_US\" \/>\n<meta property=\"og:type\" content=\"article\" \/>\n<meta property=\"og:title\" content=\"Verb\u00fcndete | yourlifematters\" \/>\n<meta property=\"og:description\" content=\"[vc_row full_width=&#8221;stretch_row&#8221; content_placement=&#8221;middle&#8221; css=&#8221;.vc_custom_1741171101432{padding-top: 50px !important;padding-bottom: 50px !important;background-color: #fadf98 !important;}&#8221;][vc_column width=&#8221;1\/2&#8243;][vc_single_image image=&#8221;690&#8243; img_size=&#8221;full&#8221; alignment=&#8221;center&#8221;][\/vc_column][vc_column width=&#8221;1\/2&#8243;][vc_column_text] My partners I love bringing [\u2026]\" \/>\n<meta property=\"og:url\" content=\"https:\/\/yourlifematters.de\/en\/verbuendete\/\" \/>\n<meta property=\"og:site_name\" content=\"yourlifematters\" \/>\n<meta property=\"article:modified_time\" content=\"2025-03-05T12:22:14+00:00\" \/>\n<meta property=\"og:image\" content=\"https:\/\/yourlifematters.de\/wp-content\/uploads\/2021\/09\/HE-Anzeigebild4.jpg\" \/>\n\t<meta property=\"og:image:width\" content=\"500\" \/>\n\t<meta property=\"og:image:height\" content=\"500\" \/>\n\t<meta property=\"og:image:type\" content=\"image\/jpeg\" \/>\n<meta name=\"twitter:card\" content=\"summary_large_image\" \/>\n<meta name=\"twitter:label1\" content=\"Est. reading time\" \/>\n\t<meta name=\"twitter:data1\" content=\"1 minute\" \/>\n<script type=\"application\/ld+json\" class=\"yoast-schema-graph\">{\"@context\":\"https:\/\/schema.org\",\"@graph\":[{\"@type\":\"WebPage\",\"@id\":\"https:\/\/yourlifematters.de\/en\/verbuendete\/\",\"url\":\"https:\/\/yourlifematters.de\/en\/verbuendete\/\",\"name\":\"Verb\u00fcndete | yourlifematters\",\"isPartOf\":{\"@id\":\"https:\/\/yourlifematters.de\/#website\"},\"datePublished\":\"2021-09-29T12:13:31+00:00\",\"dateModified\":\"2025-03-05T12:22:14+00:00\",\"breadcrumb\":{\"@id\":\"https:\/\/yourlifematters.de\/en\/verbuendete\/#breadcrumb\"},\"inLanguage\":\"en-US\",\"potentialAction\":[{\"@type\":\"ReadAction\",\"target\":[\"https:\/\/yourlifematters.de\/en\/verbuendete\/\"]}]},{\"@type\":\"BreadcrumbList\",\"@id\":\"https:\/\/yourlifematters.de\/en\/verbuendete\/#breadcrumb\",\"itemListElement\":[{\"@type\":\"ListItem\",\"position\":1,\"name\":\"Startseite\",\"item\":\"https:\/\/yourlifematters.de\/en\/\"},{\"@type\":\"ListItem\",\"position\":2,\"name\":\"Verb\u00fcndete\"}]},{\"@type\":\"WebSite\",\"@id\":\"https:\/\/yourlifematters.de\/#website\",\"url\":\"https:\/\/yourlifematters.de\/\",\"name\":\"your life matters\",\"description\":\"Ich unterst\u00fctze Teams und Einzelpersonen dabei Ziele zu erreichen und Hindernisse zu \u00fcberwinden. In Deutsch &amp; Englisch, pers\u00f6nlich oder digital.\",\"potentialAction\":[{\"@type\":\"SearchAction\",\"target\":{\"@type\":\"EntryPoint\",\"urlTemplate\":\"https:\/\/yourlifematters.de\/?s={search_term_string}\"},\"query-input\":\"required name=search_term_string\"}],\"inLanguage\":\"en-US\"}]}<\/script>\n<!-- \/ Yoast SEO plugin. -->","yoast_head_json":{"title":"Verb\u00fcndete | yourlifematters","robots":{"index":"index","follow":"follow","max-snippet":"max-snippet:-1","max-image-preview":"max-image-preview:large","max-video-preview":"max-video-preview:-1"},"canonical":"https:\/\/yourlifematters.de\/en\/verbuendete\/","og_locale":"en_US","og_type":"article","og_title":"Verb\u00fcndete | yourlifematters","og_description":"[vc_row full_width=&#8221;stretch_row&#8221; content_placement=&#8221;middle&#8221; css=&#8221;.vc_custom_1741171101432{padding-top: 50px !important;padding-bottom: 50px !important;background-color: #fadf98 !important;}&#8221;][vc_column width=&#8221;1\/2&#8243;][vc_single_image image=&#8221;690&#8243; img_size=&#8221;full&#8221; alignment=&#8221;center&#8221;][\/vc_column][vc_column width=&#8221;1\/2&#8243;][vc_column_text] My partners I love bringing [\u2026]","og_url":"https:\/\/yourlifematters.de\/en\/verbuendete\/","og_site_name":"yourlifematters","article_modified_time":"2025-03-05T12:22:14+00:00","og_image":[{"width":500,"height":500,"url":"https:\/\/yourlifematters.de\/wp-content\/uploads\/2021\/09\/HE-Anzeigebild4.jpg","type":"image\/jpeg"}],"twitter_card":"summary_large_image","twitter_misc":{"Est. reading time":"1 minute"},"schema":{"@context":"https:\/\/schema.org","@graph":[{"@type":"WebPage","@id":"https:\/\/yourlifematters.de\/en\/verbuendete\/","url":"https:\/\/yourlifematters.de\/en\/verbuendete\/","name":"Verb\u00fcndete | yourlifematters","isPartOf":{"@id":"https:\/\/yourlifematters.de\/#website"},"datePublished":"2021-09-29T12:13:31+00:00","dateModified":"2025-03-05T12:22:14+00:00","breadcrumb":{"@id":"https:\/\/yourlifematters.de\/en\/verbuendete\/#breadcrumb"},"inLanguage":"en-US","potentialAction":[{"@type":"ReadAction","target":["https:\/\/yourlifematters.de\/en\/verbuendete\/"]}]},{"@type":"BreadcrumbList","@id":"https:\/\/yourlifematters.de\/en\/verbuendete\/#breadcrumb","itemListElement":[{"@type":"ListItem","position":1,"name":"Startseite","item":"https:\/\/yourlifematters.de\/en\/"},{"@type":"ListItem","position":2,"name":"Verb\u00fcndete"}]},{"@type":"WebSite","@id":"https:\/\/yourlifematters.de\/#website","url":"https:\/\/yourlifematters.de\/","name":"your life matters","description":"Ich unterst\u00fctze Teams und Einzelpersonen dabei Ziele zu erreichen und Hindernisse zu \u00fcberwinden. In Deutsch &amp; Englisch, pers\u00f6nlich oder digital.","potentialAction":[{"@type":"SearchAction","target":{"@type":"EntryPoint","urlTemplate":"https:\/\/yourlifematters.de\/?s={search_term_string}"},"query-input":"required name=search_term_string"}],"inLanguage":"en-US"}]}},"_links":{"self":[{"href":"https:\/\/yourlifematters.de\/en\/wp-json\/wp\/v2\/pages\/787","targetHints":{"allow":["GET"]}}],"collection":[{"href":"https:\/\/yourlifematters.de\/en\/wp-json\/wp\/v2\/pages"}],"about":[{"href":"https:\/\/yourlifematters.de\/en\/wp-json\/wp\/v2\/types\/page"}],"author":[{"embeddable":true,"href":"https:\/\/yourlifematters.de\/en\/wp-json\/wp\/v2\/users\/2"}],"replies":[{"embeddable":true,"href":"https:\/\/yourlifematters.de\/en\/wp-json\/wp\/v2\/comments?post=787"}],"version-history":[{"count":3,"href":"https:\/\/yourlifematters.de\/en\/wp-json\/wp\/v2\/pages\/787\/revisions"}],"predecessor-version":[{"id":829,"href":"https:\/\/yourlifematters.de\/en\/wp-json\/wp\/v2\/pages\/787\/revisions\/829"}],"wp:featuredmedia":[{"embeddable":true,"href":"https:\/\/yourlifematters.de\/en\/wp-json\/wp\/v2\/media\/728"}],"wp:attachment":[{"href":"https:\/\/yourlifematters.de\/en\/wp-json\/wp\/v2\/media?parent=787"}],"curies":[{"name":"wp","href":"https:\/\/api.w.org\/{rel}","templated":true}]}}